{"id":5765,"date":"2023-10-19T10:50:11","date_gmt":"2023-10-19T08:50:11","guid":{"rendered":"https:\/\/www.reissprofile.pl\/?post_type=product&#038;p=5765"},"modified":"2025-04-13T14:08:13","modified_gmt":"2025-04-13T12:08:13","slug":"karty-coachingowe","status":"publish","type":"product","link":"https:\/\/www.reissprofile.pl\/en\/produkt\/karty-coachingowe\/","title":{"rendered":"Karty coachingowe"},"content":{"rendered":"<p><b>Karty coachingowe \u2013\u00a0kreatywny gad\u017cet dla trenera i coacha!<\/b><\/p>\n<p><span style=\"font-weight: 400;\">Karty coachingowe s\u0105 narz\u0119dziem wykorzystywanym w procesie coachingowym do u\u0142atwienia komunikacji, refleksji i rozwoju klienta. Kreatywne karty coachingowe wykorzystasz w niezliczonych sytuacjach coachingowych. Sprawdz\u0105 si\u0119 tam, gdzie s\u0142owa okazuj\u0105 si\u0119 niewystarczaj\u0105ce. Obrazy pobudzaj\u0105 my\u015blenie, generuj\u0105 refleksj\u0119, a tak\u017ce pomagaj\u0105 w identyfikowaniu cel\u00f3w i problem\u00f3w na \u015bcie\u017cce rozwojowej.\u00a0<\/span><\/p>\n<p><b>Informacje techniczne:<\/b><\/p>\n<p><span style=\"font-weight: 400;\">60 inspiruj\u0105cych zdj\u0119\u0107 w formacie A6 wydrukowanych na grubym papierze powlekanym foli\u0105 soft touch.\u00a0<\/span><\/p>\n<p><span style=\"font-weight: 400;\">Karty coachingowe zapakowane w ekologiczne tekturowe pude\u0142ko.<\/span><\/p>\n","protected":false},"excerpt":{"rendered":"<p><span style=\"font-weight: 400;\">Te karty coachingowe to zestaw 60 inspiruj\u0105cych zdj\u0119\u0107, kt\u00f3re wykorzystasz w niezliczonych sytuacjach w pracy z klientem!<\/span><\/p>\n","protected":false},"featured_media":5810,"template":"","meta":{"_kad_post_transparent":"default","_kad_post_title":"","_kad_post_layout":"default","_kad_post_sidebar_id":"","_kad_post_content_style":"default","_kad_post_vertical_padding":"default","_kad_post_feature":"","_kad_post_feature_position":"","_kad_post_header":false,"_kad_post_footer":false,"_kad_post_classname":""},"product_brand":[],"product_cat":[48],"product_tag":[],"class_list":{"0":"post-5765","1":"product","2":"type-product","3":"status-publish","4":"has-post-thumbnail","6":"product_cat-produkty","8":"first","9":"instock","10":"taxable","11":"shipping-taxable","12":"purchasable","13":"product-type-simple","14":"entry","15":"content-bg","16":"loop-entry"},"_links":{"self":[{"href":"https:\/\/www.reissprofile.pl\/en\/wp-json\/wp\/v2\/product\/5765","targetHints":{"allow":["GET"]}}],"collection":[{"href":"https:\/\/www.reissprofile.pl\/en\/wp-json\/wp\/v2\/product"}],"about":[{"href":"https:\/\/www.reissprofile.pl\/en\/wp-json\/wp\/v2\/types\/product"}],"wp:featuredmedia":[{"embeddable":true,"href":"https:\/\/www.reissprofile.pl\/en\/wp-json\/wp\/v2\/media\/5810"}],"wp:attachment":[{"href":"https:\/\/www.reissprofile.pl\/en\/wp-json\/wp\/v2\/media?parent=5765"}],"wp:term":[{"taxonomy":"product_brand","embeddable":true,"href":"https:\/\/www.reissprofile.pl\/en\/wp-json\/wp\/v2\/product_brand?post=5765"},{"taxonomy":"product_cat","embeddable":true,"href":"https:\/\/www.reissprofile.pl\/en\/wp-json\/wp\/v2\/product_cat?post=5765"},{"taxonomy":"product_tag","embeddable":true,"href":"https:\/\/www.reissprofile.pl\/en\/wp-json\/wp\/v2\/product_tag?post=5765"}],"curies":[{"name":"wp","href":"https:\/\/api.w.org\/{rel}","templated":true}]}}