{"id":5767,"date":"2023-10-19T10:50:12","date_gmt":"2023-10-19T08:50:12","guid":{"rendered":"https:\/\/www.reissprofile.pl\/?post_type=product&#038;p=5767"},"modified":"2024-09-12T19:53:36","modified_gmt":"2024-09-12T17:53:36","slug":"plansza-z-motywatorami-na-flipchart-plus-magnesy","status":"publish","type":"product","link":"https:\/\/www.reissprofile.pl\/en\/produkt\/plansza-z-motywatorami-na-flipchart-plus-magnesy\/","title":{"rendered":"Plansza z motywatorami na flipchart, plus magnesy"},"content":{"rendered":"<p><span style=\"font-weight: 400;\">Plansza z motywatorami wykonana zosta\u0142a z elastycznego tworzywa typu blackout. Monta\u017c na tablicy magnetycznej typu flipchart za pomoc\u0105 magnes\u00f3w.<\/span><\/p>\n<p><span style=\"font-weight: 400;\">Plansz\u0119 bez magnes\u00f3w <\/span><a href=\"https:\/\/www.reissprofile.pl\/produkt\/plansza-z-motywatorami-na-flipchart\/\" target=\"_blank\" rel=\"noopener\"><span style=\"font-weight: 400;\">kupisz tu.<\/span><\/a><\/p>\n<p><b>Informacje techniczne:<\/b><\/p>\n<p><span style=\"font-weight: 400;\">Wymiary: 60 x 85 cm<\/span><\/p>\n","protected":false},"excerpt":{"rendered":"<p><span style=\"font-weight: 400;\">Plansza z 16 motywatorami z narz\u0119dzia Reiss Motivation Profile\u00ae wraz ze skal\u0105 odzwierciedlaj\u0105c\u0105 nat\u0119\u017cenie poszczeg\u00f3lnych motywator\u00f3w. Zestaw zawiera 4 du\u017ce i 16 ma\u0142ych magnes\u00f3w.<\/span><\/p>\n","protected":false},"featured_media":5828,"template":"","meta":{"_kad_post_transparent":"default","_kad_post_title":"","_kad_post_layout":"default","_kad_post_sidebar_id":"","_kad_post_content_style":"default","_kad_post_vertical_padding":"default","_kad_post_feature":"","_kad_post_feature_position":"","_kad_post_header":false,"_kad_post_footer":false,"_kad_post_classname":""},"product_brand":[],"product_cat":[48],"product_tag":[],"class_list":{"0":"post-5767","1":"product","2":"type-product","3":"status-publish","4":"has-post-thumbnail","6":"product_cat-produkty","8":"first","9":"instock","10":"taxable","11":"shipping-taxable","12":"purchasable","13":"product-type-simple","14":"entry","15":"content-bg","16":"loop-entry"},"_links":{"self":[{"href":"https:\/\/www.reissprofile.pl\/en\/wp-json\/wp\/v2\/product\/5767","targetHints":{"allow":["GET"]}}],"collection":[{"href":"https:\/\/www.reissprofile.pl\/en\/wp-json\/wp\/v2\/product"}],"about":[{"href":"https:\/\/www.reissprofile.pl\/en\/wp-json\/wp\/v2\/types\/product"}],"wp:featuredmedia":[{"embeddable":true,"href":"https:\/\/www.reissprofile.pl\/en\/wp-json\/wp\/v2\/media\/5828"}],"wp:attachment":[{"href":"https:\/\/www.reissprofile.pl\/en\/wp-json\/wp\/v2\/media?parent=5767"}],"wp:term":[{"taxonomy":"product_brand","embeddable":true,"href":"https:\/\/www.reissprofile.pl\/en\/wp-json\/wp\/v2\/product_brand?post=5767"},{"taxonomy":"product_cat","embeddable":true,"href":"https:\/\/www.reissprofile.pl\/en\/wp-json\/wp\/v2\/product_cat?post=5767"},{"taxonomy":"product_tag","embeddable":true,"href":"https:\/\/www.reissprofile.pl\/en\/wp-json\/wp\/v2\/product_tag?post=5767"}],"curies":[{"name":"wp","href":"https:\/\/api.w.org\/{rel}","templated":true}]}}