{"id":5771,"date":"2023-10-19T10:50:12","date_gmt":"2023-10-19T08:50:12","guid":{"rendered":"https:\/\/www.reissprofile.pl\/?post_type=product&#038;p=5771"},"modified":"2025-10-27T20:01:01","modified_gmt":"2025-10-27T19:01:01","slug":"jak-budowac-zaangazowane-zespoly-ebook-ewa-jochheim-iwona-kokoszka","status":"publish","type":"product","link":"https:\/\/www.reissprofile.pl\/en\/produkt\/jak-budowac-zaangazowane-zespoly-ebook-ewa-jochheim-iwona-kokoszka\/","title":{"rendered":"Jak budowa\u0107 zaanga\u017cowane zespo\u0142y? \u2013 ebook<br><strong>Ewa Jochheim, Iwona Kokoszka<\/strong>"},"content":{"rendered":"<p><b>Budowanie zaanga\u017cowania zespo\u0142u nigdy nie by\u0142o tak proste!<\/b><\/p>\n<p>Badania m\u00f3wi\u0105, \u017ce 58% pracownik\u00f3w przychodzi do firmy wy\u0142\u0105cznie po to, by otrzymywa\u0107 wynagrodzenie i nie zosta\u0107 zwolnionym. Umiej\u0119tne budowanie zaanga\u017cowania zespo\u0142u sprawia, \u017ce\u00a0<strong>praca przestaje by\u0107 przykrym obowi\u0105zkiem, a staje si\u0119 \u017ar\u00f3d\u0142em satysfakcji i poczucia spe\u0142nienia<\/strong>. Opisana w ksi\u0105\u017cce koncepcja pozwala nie tylko\u00a0<strong>skutecznie poprawia\u0107 wyniki i motywowa\u0107 pracownik\u00f3w<\/strong>, ale r\u00f3wnie\u017c sprawia, \u017ce\u00a0<strong>ludzie z ch\u0119ci\u0105 przychodz\u0105 do pracy.<\/strong><\/p>\n<p>W ksi\u0105\u017cce \u201eJak budowa\u0107 zaanga\u017cowane zespo\u0142y?\u201d ka\u017cdy menad\u017cer znajdzie\u00a0<strong>konkretne wskaz\u00f3wki gotowe do zastosowania w ka\u017cdej organizacji<\/strong>\u00a0i dowie si\u0119, jak zarz\u0105dza\u0107 zespo\u0142em w indywidualny spos\u00f3b. To nowe podej\u015bcie do zarz\u0105dzania polega na poznaniu motywator\u00f3w cz\u0142owieka, a nast\u0119pnie uwzgl\u0119dnieniu ich w procesie zarz\u0105dczym. Koncepcja ta zosta\u0142a zbudowana na podstawie wynik\u00f3w bada\u0144 prof. Stevena Reissa, kt\u00f3ry zdefiniowa\u0142 16 uniwersalnych potrzeb kieruj\u0105cych decyzjami i zachowaniami ka\u017cdego cz\u0142owieka.\u00a0<strong>Przygotuj si\u0119 na wyzwania przysz\u0142o\u015bci, stosuj\u0105c zarz\u0105dzanie przez indywidualizacj\u0119.<\/strong><\/p>\n<p>Ten niezb\u0119dnik menad\u017cera zawiera:<\/p>\n<ul>\n<li aria-level=\"1\"><strong>31 wskaz\u00f3wek<\/strong>\u00a0odno\u015bnie tego,\u00a0<strong>jak wyznacza\u0107 i komunikowa\u0107 cele<\/strong>, aby pracownicy chcieli dzia\u0142a\u0107;<\/li>\n<li aria-level=\"1\"><strong>31 sposob\u00f3w<\/strong>\u00a0na to,\u00a0<strong>jak i za co chwali\u0107 pracownik\u00f3w<\/strong>, aby podtrzyma\u0107 ich ch\u0119\u0107 do dzia\u0142ania;<\/li>\n<li aria-level=\"1\"><strong>31 sposob\u00f3w<\/strong>\u00a0na odpowiedni\u00a0<strong>dob\u00f3r zada\u0144<\/strong>, kt\u00f3ry nie przysparza stresu cz\u0142onkom Twojego zespo\u0142u;<\/li>\n<li aria-level=\"1\"><strong>22 naturalne style pracy i style zarz\u0105dzania<\/strong>\u00a0definiuj\u0105ce indywidualn\u0105 skuteczno\u015b\u0107;<\/li>\n<li aria-level=\"1\">test do samooceny 16 wewn\u0119trznych potrzeb Reiss\u2019a.<\/li>\n<\/ul>\n<p>\u201eJak budowa\u0107 zaanga\u017cowane zespo\u0142y?\u201d to drugie wydanie ksi\u0105\u017cki \u201eChcie\u0107, m\u00f3c, potrafi\u0107\u201d z 2019 roku.<\/p>\n<p><span style=\"font-weight: 400;\">Ksi\u0105\u017cka dost\u0119pna jest r\u00f3wnie\u017c <\/span><a href=\"https:\/\/www.reissprofile.pl\/produkt\/jak-budowac-zaangazowane-zespoly-ksiazka-ewa-jochheim-iwona-kokoszka\/\" target=\"_blank\" rel=\"noopener\"><span style=\"font-weight: 400;\">w wydaniu papierowym<\/span><\/a><span style=\"font-weight: 400;\"> i jako <\/span><a href=\"https:\/\/www.reissprofile.pl\/produkt\/chciec-moc-potrafic-audiobook-ewa-jochheim-iwona-kokoszka\/\" target=\"_blank\" rel=\"noopener\"><span style=\"font-weight: 400;\">audiobook<\/span><\/a><span style=\"font-weight: 400;\">. Dodatkowy materia\u0142 w postaci praktycznych \u0107wicze\u0144 do pobrania na stronie <\/span><a href=\"https:\/\/www.reissprofile.pl\/wp-content\/uploads\/2023\/05\/Jak-budowac-zaangazowane-zespoly-workbook2023.pdf?x47260\" target=\"_blank\" rel=\"noopener\"><span style=\"font-weight: 400;\">reissprofile.pl\/workbook\/<\/span><\/a><span style=\"font-weight: 400;\">.<\/span><\/p>\n<p>Wysy\u0142ka elektroniczna \u2013 otrzymasz dost\u0119p do produktu (link do pobrania plik\u00f3w) po zarejestrowaniu Twojej p\u0142atno\u015bci.<\/p>\n<p>___<\/p>\n<p><strong>Autor<\/strong>: Ewa Jochheim, Iwona Kokoszka<br \/>\n<strong>Wydawnictwo<\/strong>: RMP Polska Instytut Durkalskiego Sp. z o.o.<br \/>\n<strong>Rok wydania<\/strong>: 2023<br \/>\n<strong>Rodzaj<\/strong>: ebook<br \/>\n<strong>Format<\/strong>: epub, mobi<\/p>\n","protected":false},"excerpt":{"rendered":"<p><span style=\"font-weight: 400;\">Pozycja obowi\u0105zkowa dla os\u00f3b, kt\u00f3re rozumiej\u0105, jak wa\u017cne jest budowanie zaanga\u017cowania w zespole i indywidualizacja w zarz\u0105dzaniu pracownikami. Tym razem\u00a0w wygodnej formie e-booka.<\/span><\/p>\n","protected":false},"featured_media":5822,"template":"","meta":{"_kad_post_transparent":"default","_kad_post_title":"","_kad_post_layout":"default","_kad_post_sidebar_id":"","_kad_post_content_style":"default","_kad_post_vertical_padding":"default","_kad_post_feature":"","_kad_post_feature_position":"","_kad_post_header":false,"_kad_post_footer":false,"_kad_post_classname":""},"product_brand":[],"product_cat":[47],"product_tag":[],"class_list":{"0":"post-5771","1":"product","2":"type-product","3":"status-publish","4":"has-post-thumbnail","6":"product_cat-ksiazki","8":"first","9":"instock","10":"downloadable","11":"virtual","12":"taxable","13":"purchasable","14":"product-type-simple","15":"entry","16":"content-bg","17":"loop-entry"},"_links":{"self":[{"href":"https:\/\/www.reissprofile.pl\/en\/wp-json\/wp\/v2\/product\/5771","targetHints":{"allow":["GET"]}}],"collection":[{"href":"https:\/\/www.reissprofile.pl\/en\/wp-json\/wp\/v2\/product"}],"about":[{"href":"https:\/\/www.reissprofile.pl\/en\/wp-json\/wp\/v2\/types\/product"}],"wp:featuredmedia":[{"embeddable":true,"href":"https:\/\/www.reissprofile.pl\/en\/wp-json\/wp\/v2\/media\/5822"}],"wp:attachment":[{"href":"https:\/\/www.reissprofile.pl\/en\/wp-json\/wp\/v2\/media?parent=5771"}],"wp:term":[{"taxonomy":"product_brand","embeddable":true,"href":"https:\/\/www.reissprofile.pl\/en\/wp-json\/wp\/v2\/product_brand?post=5771"},{"taxonomy":"product_cat","embeddable":true,"href":"https:\/\/www.reissprofile.pl\/en\/wp-json\/wp\/v2\/product_cat?post=5771"},{"taxonomy":"product_tag","embeddable":true,"href":"https:\/\/www.reissprofile.pl\/en\/wp-json\/wp\/v2\/product_tag?post=5771"}],"curies":[{"name":"wp","href":"https:\/\/api.w.org\/{rel}","templated":true}]}}