{"id":5772,"date":"2023-10-19T10:50:12","date_gmt":"2023-10-19T08:50:12","guid":{"rendered":"https:\/\/www.reissprofile.pl\/?post_type=product&#038;p=5772"},"modified":"2025-03-13T23:06:06","modified_gmt":"2025-03-13T22:06:06","slug":"chciec-moc-potrafic-audiobook-ewa-jochheim-iwona-kokoszka","status":"publish","type":"product","link":"https:\/\/www.reissprofile.pl\/en\/produkt\/chciec-moc-potrafic-audiobook-ewa-jochheim-iwona-kokoszka\/","title":{"rendered":"Chcie\u0107, m\u00f3c, potrafi\u0107 \u2013 audiobook<br><strong>Ewa Jochheim, Iwona Kokoszka<\/strong>"},"content":{"rendered":"<p><b>Budowanie zaanga\u017cowania zespo\u0142u nigdy nie by\u0142o tak proste!<\/b><\/p>\n<p><span style=\"font-weight: 400;\">Badania m\u00f3wi\u0105, \u017ce oko\u0142o 58% pracownik\u00f3w przychodzi do firmy wy\u0142\u0105cznie po to, by otrzymywa\u0107 wynagrodzenie i nie zosta\u0107 zwolnionym. Umiej\u0119tne budowanie zaanga\u017cowania zespo\u0142u sprawia, \u017ce praca przestaje by\u0107 przykrym obowi\u0105zkiem, a staje si\u0119 \u017ar\u00f3d\u0142em satysfakcji i poczucia spe\u0142nienia. Ta nowatorska koncepcja pozwala nie tylko skutecznie poprawia\u0107 wyniki i motywowa\u0107 pracownik\u00f3w, ale r\u00f3wnie\u017c sprawia, \u017ce ludzie z ch\u0119ci\u0105 przychodz\u0105 do pracy.\u00a0<\/span><\/p>\n<p><span style=\"font-weight: 400;\">W audiobooku \u201eChcie\u0107, m\u00f3c, potrafi\u0107\u201d ka\u017cdy menad\u017cer znajdzie konkretne wskaz\u00f3wki gotowe do zastosowania w ka\u017cdej organizacji i dowie si\u0119, jak zarz\u0105dza\u0107 zespo\u0142em w indywidualny spos\u00f3b. To nowe podej\u015bcie do zarz\u0105dzania polega na poznaniu motywator\u00f3w cz\u0142owieka, a nast\u0119pnie uwzgl\u0119dnieniu ich w procesie zarz\u0105dczym. Koncepcja ta zosta\u0142a zbudowana na podstawie wynik\u00f3w bada\u0144 prof. Stevena Reissa, kt\u00f3ry zdefiniowa\u0142 16 uniwersalnych potrzeb kieruj\u0105cych decyzjami i zachowaniami ka\u017cdego cz\u0142owieka. Przygotuj si\u0119 na wyzwania przysz\u0142o\u015bci, stosuj\u0105c zarz\u0105dzanie przez indywidualizacj\u0119.<\/span><\/p>\n<p><span style=\"font-weight: 400;\">Wysy\u0142ka elektroniczna \u2013 link do produktu (pliki mp3) otrzymasz po zaksi\u0119gowaniu Twojej p\u0142atno\u015bci.<\/span><\/p>\n<p>Dost\u0119pne jest ju\u017c drugie wydanie ksi\u0105\u017cki &#8220;Chcie\u0107, m\u00f3c, potrafi\u0107&#8221; (pierwsze wyprzedane!) w <a href=\"https:\/\/www.reissprofile.pl\/produkt\/jak-budowac-zaangazowane-zespoly-ksiazka-ewa-jochheim-iwona-kokoszka\/\" target=\"_blank\" rel=\"noopener\">wersji papierowej<\/a> i <a href=\"https:\/\/www.reissprofile.pl\/produkt\/jak-budowac-zaangazowane-zespoly-ebook-ewa-jochheim-iwona-kokoszka\/\" target=\"_blank\" rel=\"noopener\">e-book<\/a> pod nowym tytu\u0142em: &#8220;Jak budowa\u0107 zaanga\u017cowane zespo\u0142y?&#8221;<\/p>\n<p>___<\/p>\n<p><strong>Autor<\/strong>: Ewa Jochheim, Iwona Kokoszka<br \/>\n<strong>Czyta<\/strong>: Mariusz \u015awircz<br \/>\n<strong>Wydawnictwo<\/strong>: RMP Polska Instytut Durkalskiego Sp. z o.o.<br \/>\n<strong>Rok wydania<\/strong>: 2019<br \/>\n<strong>Rodzaj<\/strong>: audiobook<br \/>\n<strong>Format<\/strong>: mp3<br \/>\n<strong>D\u0142ugo\u015b\u0107<\/strong>: 6 godzin 40 minut<\/p>\n","protected":false},"excerpt":{"rendered":"<p>Przygotuj si\u0119 na wyzwania przysz\u0142o\u015bci stosuj\u0105c Zarz\u0105dzanie przez Indywidualizacj\u0119. Nowatorska koncepcja zbudowana na podstawie wynik\u00f3w bada\u0144 prof. Stevena Reissa, kt\u00f3ry zdefiniowa\u0142 16 uniwersalnych potrzeb kieruj\u0105cych decyzjami i zachowaniem ka\u017cdego cz\u0142owieka.<\/p>\n","protected":false},"featured_media":5826,"template":"","meta":{"_kad_post_transparent":"default","_kad_post_title":"","_kad_post_layout":"default","_kad_post_sidebar_id":"","_kad_post_content_style":"default","_kad_post_vertical_padding":"default","_kad_post_feature":"","_kad_post_feature_position":"","_kad_post_header":false,"_kad_post_footer":false,"_kad_post_classname":""},"product_brand":[],"product_cat":[47],"product_tag":[],"class_list":{"0":"post-5772","1":"product","2":"type-product","3":"status-publish","4":"has-post-thumbnail","6":"product_cat-ksiazki","8":"first","9":"instock","10":"downloadable","11":"virtual","12":"taxable","13":"purchasable","14":"product-type-simple","15":"entry","16":"content-bg","17":"loop-entry"},"_links":{"self":[{"href":"https:\/\/www.reissprofile.pl\/en\/wp-json\/wp\/v2\/product\/5772","targetHints":{"allow":["GET"]}}],"collection":[{"href":"https:\/\/www.reissprofile.pl\/en\/wp-json\/wp\/v2\/product"}],"about":[{"href":"https:\/\/www.reissprofile.pl\/en\/wp-json\/wp\/v2\/types\/product"}],"wp:featuredmedia":[{"embeddable":true,"href":"https:\/\/www.reissprofile.pl\/en\/wp-json\/wp\/v2\/media\/5826"}],"wp:attachment":[{"href":"https:\/\/www.reissprofile.pl\/en\/wp-json\/wp\/v2\/media?parent=5772"}],"wp:term":[{"taxonomy":"product_brand","embeddable":true,"href":"https:\/\/www.reissprofile.pl\/en\/wp-json\/wp\/v2\/product_brand?post=5772"},{"taxonomy":"product_cat","embeddable":true,"href":"https:\/\/www.reissprofile.pl\/en\/wp-json\/wp\/v2\/product_cat?post=5772"},{"taxonomy":"product_tag","embeddable":true,"href":"https:\/\/www.reissprofile.pl\/en\/wp-json\/wp\/v2\/product_tag?post=5772"}],"curies":[{"name":"wp","href":"https:\/\/api.w.org\/{rel}","templated":true}]}}