{"id":5780,"date":"2023-10-19T10:50:13","date_gmt":"2023-10-19T08:50:13","guid":{"rendered":"https:\/\/www.reissprofile.pl\/?post_type=product&#038;p=5780"},"modified":"2025-03-13T22:53:41","modified_gmt":"2025-03-13T21:53:41","slug":"notes-moleskine-z-logo-rmp","status":"publish","type":"product","link":"https:\/\/www.reissprofile.pl\/en\/produkt\/notes-moleskine-z-logo-rmp\/","title":{"rendered":"Notes Moleskine z logo RMP"},"content":{"rendered":"<p><strong>Informacje techniczne:<\/strong><\/p>\n<p>Producent: Moleskine<\/p>\n<p>Ok\u0142adka: twarda z gumk\u0105<\/p>\n<p>Kolor ok\u0142adki: granatowy<\/p>\n<p>Papier: najwy\u017cszej jako\u015bci bia\u0142o-kremowy<\/p>\n<p>\u015arodek: g\u0142adki lub w linie<\/p>\n<p>W \u015brodku: materia\u0142owa zak\u0142adka oraz kieszonka na wizyt\u00f3wki\/dokumenty<\/p>\n<p>Wymiary: 21 x 13,5cm<\/p>\n","protected":false},"excerpt":{"rendered":"<p>Notes legendarnego producenta MOLESKINE w eleganckim granatowym kolorze z subtelnie wyt\u0142oczonym logo Reiss Motivation Profile.<\/p>\n","protected":false},"featured_media":5920,"template":"","meta":{"_kad_post_transparent":"default","_kad_post_title":"","_kad_post_layout":"default","_kad_post_sidebar_id":"","_kad_post_content_style":"default","_kad_post_vertical_padding":"default","_kad_post_feature":"","_kad_post_feature_position":"","_kad_post_header":false,"_kad_post_footer":false,"_kad_post_classname":""},"product_brand":[],"product_cat":[48],"product_tag":[],"class_list":{"0":"post-5780","1":"product","2":"type-product","3":"status-publish","4":"has-post-thumbnail","6":"product_cat-produkty","8":"first","9":"instock","10":"taxable","11":"shipping-taxable","12":"purchasable","13":"product-type-variable","14":"has-default-attributes","15":"entry","16":"content-bg","17":"loop-entry"},"_links":{"self":[{"href":"https:\/\/www.reissprofile.pl\/en\/wp-json\/wp\/v2\/product\/5780","targetHints":{"allow":["GET"]}}],"collection":[{"href":"https:\/\/www.reissprofile.pl\/en\/wp-json\/wp\/v2\/product"}],"about":[{"href":"https:\/\/www.reissprofile.pl\/en\/wp-json\/wp\/v2\/types\/product"}],"wp:featuredmedia":[{"embeddable":true,"href":"https:\/\/www.reissprofile.pl\/en\/wp-json\/wp\/v2\/media\/5920"}],"wp:attachment":[{"href":"https:\/\/www.reissprofile.pl\/en\/wp-json\/wp\/v2\/media?parent=5780"}],"wp:term":[{"taxonomy":"product_brand","embeddable":true,"href":"https:\/\/www.reissprofile.pl\/en\/wp-json\/wp\/v2\/product_brand?post=5780"},{"taxonomy":"product_cat","embeddable":true,"href":"https:\/\/www.reissprofile.pl\/en\/wp-json\/wp\/v2\/product_cat?post=5780"},{"taxonomy":"product_tag","embeddable":true,"href":"https:\/\/www.reissprofile.pl\/en\/wp-json\/wp\/v2\/product_tag?post=5780"}],"curies":[{"name":"wp","href":"https:\/\/api.w.org\/{rel}","templated":true}]}}