{"id":5785,"date":"2023-10-19T10:50:13","date_gmt":"2023-10-19T08:50:13","guid":{"rendered":"https:\/\/www.reissprofile.pl\/?post_type=product&#038;p=5785"},"modified":"2025-03-13T22:56:54","modified_gmt":"2025-03-13T21:56:54","slug":"profil-motywacyjny-rsmp-dla-mlodziezy","status":"publish","type":"product","link":"https:\/\/www.reissprofile.pl\/en\/produkt\/profil-motywacyjny-rsmp-dla-mlodziezy\/","title":{"rendered":"Profil motywacyjny RSMP (dla m\u0142odzie\u017cy)"},"content":{"rendered":"<p><strong>Jaki zaw\u00f3d wybra\u0107 \u2013 test da odpowiedzi!<\/strong><\/p>\n<p><span style=\"font-weight: 400;\">Przesta\u0144 m\u00f3wi\u0107 \u201enie wiem jakie studia wybra\u0107 i jak wybra\u0107 zaw\u00f3d\u201d. Nie pytaj doros\u0142ych, jak wybra\u0107 studia, We\u017a sprawy w swoje r\u0119ce i wykonaj profil motywacyjny. Niech Twoje w\u0105tpliwo\u015bci rozwieje nauka!\u00a0<\/span><\/p>\n<p><span style=\"font-weight: 400;\">W\u0105tpliwo\u015bci co do tego, jakie studia wybra\u0107 (a \u015bci\u015blej m\u00f3wi\u0105c \u2013\u00a0jaki kierunek studi\u00f3w wybra\u0107), s\u0105 normalne na pocz\u0105tku drogi zawodowej. Normalne jest te\u017c to, \u017ce wskaz\u00f3wki rodziny i znajomych na niewiele si\u0119 tu zdaj\u0105. W kwestii wyboru zawodu i \u015bcie\u017cki zawodowej najlepiej zacz\u0105\u0107 od pocz\u0105tku: okre\u015bli\u0107 swoje mocne strony; dowiedzie\u0107 si\u0119, co tak naprawd\u0119 Ci\u0119 fascynuje; pozna\u0107 motywatory, dzi\u0119ki kt\u00f3rym \u0142atwo osi\u0105gniesz cele. Dopiero to da Ci odpowiedni\u0105 perspektyw\u0119 w kwestii tego, jak wybra\u0107 zaw\u00f3d skrojony na miar\u0119 Twoich potrzeb.\u00a0<\/span><\/p>\n<p><span style=\"font-weight: 400;\">RSMP (Reiss School Motivation Profile\u00ae) dostarcza precyzyjnych informacji o tym, kto i jakich bod\u017ac\u00f3w potrzebuje, \u017ceby uczy\u0107 si\u0119 z przyjemno\u015bci\u0105 i dzia\u0142a\u0107 efektywnie.<\/span><\/p>\n<p><span style=\"font-weight: 400;\">I to nie wszystko! Swoje wyniki mo\u017cesz om\u00f3wi\u0107 z ekspertem.<\/span><\/p>\n<p><span style=\"font-weight: 400;\">Pomy\u015bl tylko, jak dobrze by\u0142oby skonsultowa\u0107 z kim\u015b swoje w\u0105tpliwo\u015bci, zada\u0107 pytania dotycz\u0105ce kszta\u0142cenia, drogi zawodowej, relacji z najbli\u017cszymi czy indywidualnego rozwoju.<\/span><\/p>\n<p><b>Po z\u0142o\u017ceniu zam\u00f3wienia:<\/b><\/p>\n<ol>\n<li style=\"font-weight: 400;\" aria-level=\"1\"><span style=\"font-weight: 400;\">W ci\u0105gu 24 godzin po zaksi\u0119gowaniu p\u0142atno\u015bci otrzymasz link do swojego badania Reiss School Motivation Profile\u00ae.<\/span><\/li>\n<li style=\"font-weight: 400;\" aria-level=\"1\"><span style=\"font-weight: 400;\">Wype\u0142nij test w dogodnym dla siebie czasie na komputerze lub innym urz\u0105dzeniu z dost\u0119pem do internetu. Zajmie Ci to oko\u0142o 25 minut.<\/span><\/li>\n<li style=\"font-weight: 400;\" aria-level=\"1\"><span style=\"font-weight: 400;\">Najp\u00f3\u017aniej w ci\u0105gu 24 godzin od wykonania testu wy\u015blemy na Tw\u00f3j podany adres e-mail szczeg\u00f3\u0142owy raport. Raport zawiera Tw\u00f3j profil motywacyjny Reiss School Motivation Profile\u00ae (wykres), opis Twojego profilu (pe\u0142ny opis ka\u017cdego z motywator\u00f3w), zalecenia i \u0107wiczenia rozwojowe, a tak\u017ce og\u00f3ln\u0105 cz\u0119\u015b\u0107 teoretyczn\u0105 z przyk\u0142adami kombinacji motywator\u00f3w.<\/span><\/li>\n<li style=\"font-weight: 400;\" aria-level=\"1\"><span style=\"font-weight: 400;\">Jednocze\u015bnie skontaktujemy si\u0119 z Tob\u0105, aby ustali\u0107 dogodny dla Ciebie termin indywidualnego om\u00f3wienia profilu. Taka sesja prowadzone jest przez certyfikowanego RMP Mastera, zazwyczaj odbywa si\u0119 online i trwa oko\u0142o 60-90 minut.<\/span><\/li>\n<\/ol>\n<p><strong>Uwaga! Je\u015bli zamawiasz profil dla kogo\u015b, a nie dla siebie, to w uwagach do zam\u00f3wienia wpisz imi\u0119, nazwisko, e-mail i telefon osoby, kt\u00f3ra b\u0119dzie wykonywa\u0142a profil.<\/strong><\/p>\n<p><strong>Masz pytania? <a href=\"https:\/\/www.reissprofile.pl\/kontakt\/\" target=\"_blank\" rel=\"noopener\">Skontaktuj si\u0119 z nami!<\/a><\/strong><\/p>\n","protected":false},"excerpt":{"rendered":"<p><span style=\"font-weight: 400;\">Profil motywacyjny Reiss School Motivation Profile\u00ae (badanie wewn\u0119trznych potrzeb dla m\u0142odzie\u017cy) wraz z indywidualnym om\u00f3wieniem.\u00a0<\/span><\/p>\n<p><span style=\"font-weight: 400;\">Badanie umo\u017cliwia poznanie swoich mocnych stron, dzi\u0119ki czemu \u0142atwiej okre\u015bli\u0107, jaki kierunek studi\u00f3w wybra\u0107 i w jakich zawodach poczujesz spe\u0142nienie i satysfakcj\u0119.<\/span><\/p>\n","protected":false},"featured_media":5932,"template":"","meta":{"_kad_post_transparent":"default","_kad_post_title":"","_kad_post_layout":"default","_kad_post_sidebar_id":"","_kad_post_content_style":"default","_kad_post_vertical_padding":"default","_kad_post_feature":"","_kad_post_feature_position":"","_kad_post_header":false,"_kad_post_footer":false,"_kad_post_classname":""},"product_brand":[],"product_cat":[49],"product_tag":[],"class_list":{"0":"post-5785","1":"product","2":"type-product","3":"status-publish","4":"has-post-thumbnail","6":"product_cat-uslugi","8":"first","9":"instock","10":"virtual","11":"taxable","12":"purchasable","13":"product-type-simple","14":"entry","15":"content-bg","16":"loop-entry"},"_links":{"self":[{"href":"https:\/\/www.reissprofile.pl\/en\/wp-json\/wp\/v2\/product\/5785","targetHints":{"allow":["GET"]}}],"collection":[{"href":"https:\/\/www.reissprofile.pl\/en\/wp-json\/wp\/v2\/product"}],"about":[{"href":"https:\/\/www.reissprofile.pl\/en\/wp-json\/wp\/v2\/types\/product"}],"wp:featuredmedia":[{"embeddable":true,"href":"https:\/\/www.reissprofile.pl\/en\/wp-json\/wp\/v2\/media\/5932"}],"wp:attachment":[{"href":"https:\/\/www.reissprofile.pl\/en\/wp-json\/wp\/v2\/media?parent=5785"}],"wp:term":[{"taxonomy":"product_brand","embeddable":true,"href":"https:\/\/www.reissprofile.pl\/en\/wp-json\/wp\/v2\/product_brand?post=5785"},{"taxonomy":"product_cat","embeddable":true,"href":"https:\/\/www.reissprofile.pl\/en\/wp-json\/wp\/v2\/product_cat?post=5785"},{"taxonomy":"product_tag","embeddable":true,"href":"https:\/\/www.reissprofile.pl\/en\/wp-json\/wp\/v2\/product_tag?post=5785"}],"curies":[{"name":"wp","href":"https:\/\/api.w.org\/{rel}","templated":true}]}}