{"id":5786,"date":"2023-10-19T10:50:13","date_gmt":"2023-10-19T08:50:13","guid":{"rendered":"https:\/\/www.reissprofile.pl\/?post_type=product&#038;p=5786"},"modified":"2025-03-13T22:57:58","modified_gmt":"2025-03-13T21:57:58","slug":"profil-motywacyjny-rmp-dla-pary","status":"publish","type":"product","link":"https:\/\/www.reissprofile.pl\/en\/produkt\/profil-motywacyjny-rmp-dla-pary\/","title":{"rendered":"Profil motywacyjny RMP dla pary (wsp\u00f3lne om\u00f3wienie)"},"content":{"rendered":"<p><b>Jak rozwija\u0107 relacje? Tylko w oparciu o motywatory!<\/b><\/p>\n<p><span style=\"font-weight: 400;\">Je\u015bli chcecie si\u0119 lepiej pozna\u0107; zrozumie\u0107 siebie, partnera i sw\u00f3j zwi\u0105zek oraz dowiedzie\u0107 si\u0119, jak rozwija\u0107 relacje, to jeste\u015bcie we w\u0142a\u015bciwym miejscu. Wasze indywidualne profile motywacyjne pomog\u0105 Wam komunikowa\u0107 si\u0119 lepiej, a tak\u017ce w\u0142a\u015bciwie identyfikowa\u0107 zachowania partnera i swoje potrzeby w zwi\u0105zku. Om\u00f3wienie profili pozwala rozpozna\u0107 i nazwa\u0107 problemy, a tak\u017ce znale\u017a\u0107 dla nich rozwi\u0105zanie, by przyj\u0105\u0107 kierunek dalszej drogi \u017cycia dla Waszej pary.\u00a0<\/span><\/p>\n<p><b>Po z\u0142o\u017ceniu zam\u00f3wienia:<\/b><\/p>\n<ol>\n<li style=\"font-weight: 400;\" aria-level=\"1\"><span style=\"font-weight: 400;\">W ci\u0105gu 24 godzin po zaksi\u0119gowaniu p\u0142atno\u015bci otrzymacie linki do bada\u0144 Reiss Motivation Profile\u00ae.<\/span><\/li>\n<li style=\"font-weight: 400;\" aria-level=\"1\"><span style=\"font-weight: 400;\">Ka\u017cde z Was wype\u0142nia test w dogodnym dla siebie czasie na komputerze lub innym urz\u0105dzeniu z dost\u0119pem do internetu. Zajmie to oko\u0142o 25 minut.<\/span><\/li>\n<li style=\"font-weight: 400;\" aria-level=\"1\"><span style=\"font-weight: 400;\">Najp\u00f3\u017aniej w ci\u0105gu 24 godzin od wykonania testu RMP, ka\u017cde z Was otrzyma sw\u00f3j indywidualny Profil Motywacyjny RMP oraz szczeg\u00f3\u0142owy raport. Ka\u017cdy raport zawiera Profil Motywacyjny Reiss Motivation Profile\u00ae (wykres), opis profilu RMP (pe\u0142ny opis 16 \u017cyciowych motywator\u00f3w), zalecenia i \u0107wiczenia rozwojowe, a tak\u017ce og\u00f3ln\u0105 cz\u0119\u015b\u0107 teoretyczn\u0105 z przyk\u0142adami kombinacji motywator\u00f3w. Z niego dowiecie si\u0119, jakie macie potrzeby wewn\u0119trzne, mocne i s\u0142abe strony oraz co konkretnie Was motywuje i w jakim stopniu.<\/span><\/li>\n<li style=\"font-weight: 400;\" aria-level=\"1\"><span style=\"font-weight: 400;\">Jednocze\u015bnie skontaktujemy si\u0119 z Wami, aby ustali\u0107 dogodny dla Was termin wsp\u00f3lnego om\u00f3wienia profili. Taka sesja prowadzone jest przez certyfikowanego RMP Mastera, zazwyczaj odbywa si\u0119 online i trwa oko\u0142o 90 minut.<\/span><\/li>\n<\/ol>\n<p><span style=\"font-weight: 400;\">W uwagach do zam\u00f3wienia wpiszcie dane drugiej osoby, kt\u00f3ra b\u0119dzie wykonywa\u0142a profil: imi\u0119, nazwisko, e-mail, telefon.<\/span><\/p>\n<p><span style=\"font-weight: 400;\">Masz pytania? <\/span><a href=\"https:\/\/www.reissprofile.pl\/kontakt\/\" target=\"_blank\" rel=\"noopener\"><span style=\"font-weight: 400;\">Skontaktuj si\u0119 z nami!<\/span><\/a><\/p>\n<div class=\"elementor-widget-wrap elementor-element-populated\">\n<section class=\"elementor-section elementor-inner-section elementor-element elementor-element-d0fc8ce elementor-section-boxed elementor-section-height-default elementor-section-height-default\" data-id=\"d0fc8ce\" data-element_type=\"section\">\n<div class=\"elementor-container elementor-column-gap-default\">\n<div class=\"elementor-column elementor-col-33 elementor-inner-column elementor-element elementor-element-bb30b34\" data-id=\"bb30b34\" data-element_type=\"column\">\n<div class=\"elementor-widget-wrap elementor-element-populated\">\n<div class=\"elementor-element elementor-element-6992488 elementor-widget elementor-widget-text-editor\" data-id=\"6992488\" data-element_type=\"widget\" data-widget_type=\"text-editor.default\"><\/div>\n<\/div>\n<\/div>\n<\/div>\n<\/section>\n<\/div>\n","protected":false},"excerpt":{"rendered":"<p><strong>Pakiet dla par: dwa profile RMP wraz ze wsp\u00f3lnym om\u00f3wieniem.<\/strong><\/p>\n<p><span style=\"font-weight: 400;\">Dla par, kt\u00f3re chc\u0105 lepiej rozumie\u0107 siebie i dowiedzie\u0107 si\u0119, jak piel\u0119gnowa\u0107 i rozwija\u0107 relacje w oparciu o wewn\u0119trzne motywatory. Wykonanie profili motywacyjnych pomaga rozumie\u0107 wzajemnie swoje potrzeby, lepiej si\u0119 komunikowa\u0107, a tak\u017ce w\u0142a\u015bciwie identyfikowa\u0107 zachowania swoje i partnera.<\/span><\/p>\n<p>Rozszerzony pakiet dla par, kt\u00f3ry dodatkowo zawiera dwa indywidualne om\u00f3wienia profili, zam\u00f3wisz <strong><a href=\"https:\/\/www.reissprofile.pl\/produkt\/profil-motywacyjny-rmp-dla-pary2\/\">TUTAJ<\/a><\/strong><\/p>\n","protected":false},"featured_media":5934,"template":"","meta":{"_kad_post_transparent":"default","_kad_post_title":"","_kad_post_layout":"default","_kad_post_sidebar_id":"","_kad_post_content_style":"default","_kad_post_vertical_padding":"default","_kad_post_feature":"","_kad_post_feature_position":"","_kad_post_header":false,"_kad_post_footer":false,"_kad_post_classname":""},"product_brand":[],"product_cat":[49],"product_tag":[],"class_list":{"0":"post-5786","1":"product","2":"type-product","3":"status-publish","4":"has-post-thumbnail","6":"product_cat-uslugi","8":"first","9":"instock","10":"virtual","11":"taxable","12":"purchasable","13":"product-type-simple","14":"entry","15":"content-bg","16":"loop-entry"},"_links":{"self":[{"href":"https:\/\/www.reissprofile.pl\/en\/wp-json\/wp\/v2\/product\/5786","targetHints":{"allow":["GET"]}}],"collection":[{"href":"https:\/\/www.reissprofile.pl\/en\/wp-json\/wp\/v2\/product"}],"about":[{"href":"https:\/\/www.reissprofile.pl\/en\/wp-json\/wp\/v2\/types\/product"}],"wp:featuredmedia":[{"embeddable":true,"href":"https:\/\/www.reissprofile.pl\/en\/wp-json\/wp\/v2\/media\/5934"}],"wp:attachment":[{"href":"https:\/\/www.reissprofile.pl\/en\/wp-json\/wp\/v2\/media?parent=5786"}],"wp:term":[{"taxonomy":"product_brand","embeddable":true,"href":"https:\/\/www.reissprofile.pl\/en\/wp-json\/wp\/v2\/product_brand?post=5786"},{"taxonomy":"product_cat","embeddable":true,"href":"https:\/\/www.reissprofile.pl\/en\/wp-json\/wp\/v2\/product_cat?post=5786"},{"taxonomy":"product_tag","embeddable":true,"href":"https:\/\/www.reissprofile.pl\/en\/wp-json\/wp\/v2\/product_tag?post=5786"}],"curies":[{"name":"wp","href":"https:\/\/api.w.org\/{rel}","templated":true}]}}