{"id":7829,"date":"2024-04-25T01:55:26","date_gmt":"2024-04-24T23:55:26","guid":{"rendered":"https:\/\/www.reissprofile.pl\/?post_type=product&#038;p=7829"},"modified":"2025-03-13T22:35:32","modified_gmt":"2025-03-13T21:35:32","slug":"pakiet-5-sesji-coachingu-menedzerskiego","status":"publish","type":"product","link":"https:\/\/www.reissprofile.pl\/en\/produkt\/pakiet-5-sesji-coachingu-menedzerskiego\/","title":{"rendered":"Pakiet 5 sesji coachingu mened\u017cerskiego"},"content":{"rendered":"<p>Ten pakiet jest <strong>kontynuacj\u0105<\/strong> procesu coachinowego, kt\u00f3rego fundamentem jest sesja <strong><a href=\"https:\/\/www.reissprofile.pl\/produkt\/coaching-menedzerski\/\" target=\"_blank\" rel=\"noopener\">coachingu managerskiego z wykorzystaniem badania psychometrycznego Reiss Motivation Profile\u00ae.<\/a><\/strong><\/p>\n<p>Podczas ka\u017cdej z tych 5 dodatkowych\u00a0 sesji, odkryjesz g\u0142\u0119bi\u0119 swoich motywator\u00f3w i zrozumiesz, jak nap\u0119dzaj\u0105 one Tw\u00f3j unikalny styl lidera.<\/p>\n<h2>Korzy\u015bci z naszego pakietu:<\/h2>\n<p><strong>Zrozumienie siebie:<\/strong> Poznaj, jak Twoje indywidualne motywatory wp\u0142ywaj\u0105 na Twoje decyzje i dzia\u0142ania.<\/p>\n<p><strong>Mistrzostwo lidera:<\/strong> Wykorzystaj wiedz\u0119 o sobie, aby kszta\u0142towa\u0107 swoje podej\u015bcie do zarz\u0105dzania i wp\u0142ywania na innych.<\/p>\n<p><strong>Strategia rozwoju<\/strong>: Naucz si\u0119, jak przeku\u0107 samo\u015bwiadomo\u015b\u0107 w skuteczne dzia\u0142ania i zwi\u0119kszon\u0105 efektywno\u015b\u0107.<\/p>\n<p>W naszym programie coachingowym dla mened\u017cer\u00f3w, <a href=\"https:\/\/www.reissprofile.pl\/produkt\/coaching-menedzerski\/\" target=\"_blank\" rel=\"noopener\">pierwsza sesja<\/a> z analiz\u0105 indywidualnego profilu motywacyjnego Reiss Motivation Profile\u00ae jest fundamentem, kt\u00f3ry pozwoli ci na g\u0142\u0119bokie zrozumienie swoich osobistych motywator\u00f3w. To kluczowe dla odkrycia, jak te motywatory wp\u0142ywaj\u0105 na ciebie i tw\u00f3j indywidualny styl zarz\u0105dzania.<\/p>\n<p>Podczas kolejnych pi\u0119ciu sesji zaanga\u017cujemy si\u0119 w prac\u0119 nad wyznaczonymi celami rozwojowymi i skoncentrujemy \u00a0na konkretnych obszarach, kt\u00f3re zechcesz doskonali\u0107.<\/p>\n<p>Ka\u017cda z sesji jest precyzyjnie dostosowywana do twoich indywidualnych potrzeb, skupimy si\u0119 na wzmocnieniu twoich mocnych stron i rozwoju w zakresach wymagaj\u0105cych poprawy.<\/p>\n<p>Nasz <a href=\"https:\/\/www.reissprofile.pl\/o-nas\/#konsultanci-trenerzy\" target=\"_blank\" rel=\"noopener\">certyfikowany coach<\/a>, kt\u00f3ry jest jednocze\u015bnie RMP Masterem jest osobistym, przewodnikiem, zapewniaj\u0105cym wsparcie i prowadzenie na drodze do osi\u0105gni\u0119cia profesjonalnego sukcesu.<\/p>\n<p>Dzi\u0119ki pracy z coachem, u\u015bwiadomisz sobie, jak rozwija\u0107 swoje kompetencje przyw\u00f3dcze i zarz\u0105dcze, aby efektywniej osi\u0105ga\u0107 cele zawodowe i pracowa\u0107 w zgodzie ze sob\u0105 i swoj\u0105 motywacj\u0105. Dzi\u0119ki lepszemu zrozumieniu w\u0142asnych motywator\u00f3w, znajdziesz sens swojej pracy i b\u0119dziesz pracowa\u0107 z wi\u0119ksz\u0105 satysfakcj\u0105 i\u00a0 zaanga\u017cowaniem.<\/p>\n<p><strong>Efekty s\u0105 wymierne: nie tylko poprawia si\u0119 osobista efektywno\u015b\u0107 mened\u017cera, ale r\u00f3wnie\u017c efektywno\u015b\u0107 ca\u0142ego zespo\u0142u. Oferowany pakiet jest wi\u0119c nie tylko inwestycj\u0105 w rozw\u00f3j osobisty, ale i w budowanie silniejszej, bardziej zmotywowanej dru\u017cyny.<\/strong><\/p>\n<p>Zaprojektowany jako 5 sesji coachingowych (z opcj\u0105 rozszerzenia) nasz pakiet jest idealny dla mened\u017cer\u00f3w pragn\u0105cych przekszta\u0142ci\u0107 samo\u015bwiadomo\u015b\u0107 w rzeczywiste osi\u0105gni\u0119cia. Sesje odbywaj\u0105 si\u0119 online, z elastycznym harmonogramem dostosowanym do indywidualnych potrzeb mened\u017cera. Ka\u017cda z 5 sesji coachingowych trwa <strong>60<\/strong> minut.<\/p>\n<p>Niech ka\u017cda sesja stanie si\u0119 krokiem do odkrycia Twojego pe\u0142nego potencja\u0142u i prze\u0142omu w Twoich mened\u017cerskich kompetencjach. W\u0142\u0105cz nasz pakiet rozwoju mened\u017cerskiego do swojej \u015bcie\u017cki kariery ju\u017c dzi\u015b i zacznij dzia\u0142a\u0107 z moc\u0105 autentycznej pasji i efektywno\u015bci. Czekaj\u0105 na Ciebie do\u015bwiadczeni coachowie, kt\u00f3rzy od lat wspieraj\u0105 mened\u017cer\u00f3w w ich indywidualnym rozwoju. Mo\u017cesz nam zaufa\u0107!<\/p>\n<p>Wi\u0119cej o tym jak dzia\u0142a coaching w oparciu o indywidualne potrzeby przeczytasz w ksi\u0105\u017cce <a href=\"https:\/\/www.reissprofile.pl\/produkt\/odkryj-sile-wewnetrznych-potrzeb-katarzyna-janas-joanna-religa\/\" target=\"_blank\" rel=\"noopener\">Odkryj si\u0142\u0119 wew. potrzeb. Strategie rozwoju osobistego na podstawie praktyk trener\u00f3w, coach\u00f3w i mentor\u00f3w.<\/a><\/p>\n<p><strong>Masz pytania?<\/strong><\/p>\n<p><strong><a href=\"https:\/\/www.reissprofile.pl\/kontakt\/\">Napisz do nas i poznaj szczeg\u00f3\u0142y<\/a><\/strong><\/p>\n","protected":false},"excerpt":{"rendered":"<p><strong>Pod\u0105\u017caj drog\u0105, kt\u00f3ra prowadzi do mistrzostwa!<\/strong><\/p>\n<p>Odkryj pot\u0119g\u0119 autentycznego przyw\u00f3dztwa z naszym spersonalizowanym pakietem 5 sesji coachingu mened\u017cerskiego, opartym na unikalnym profilowaniu motywacyjnym Reiss Motivation Profile\u00ae.<\/p>\n<p>Ten pakiet jest <strong>kontynuacj\u0105<\/strong> procesu coachinowego, kt\u00f3rego fundamentem jest sesja <strong><a href=\"https:\/\/www.reissprofile.pl\/produkt\/coaching-menedzerski\/\">coachingu managerskiego z wykorzystaniem badania psychometrycznego Reiss Motivation Profile\u00ae.<\/a><\/strong><\/p>\n","protected":false},"featured_media":7830,"template":"","meta":{"_kad_post_transparent":"default","_kad_post_title":"","_kad_post_layout":"default","_kad_post_sidebar_id":"","_kad_post_content_style":"default","_kad_post_vertical_padding":"default","_kad_post_feature":"","_kad_post_feature_position":"","_kad_post_header":false,"_kad_post_footer":false,"_kad_post_classname":""},"product_brand":[],"product_cat":[49],"product_tag":[],"class_list":{"0":"post-7829","1":"product","2":"type-product","3":"status-publish","4":"has-post-thumbnail","6":"product_cat-uslugi","8":"first","9":"instock","10":"virtual","11":"taxable","12":"purchasable","13":"product-type-simple","14":"entry","15":"content-bg","16":"loop-entry"},"_links":{"self":[{"href":"https:\/\/www.reissprofile.pl\/en\/wp-json\/wp\/v2\/product\/7829","targetHints":{"allow":["GET"]}}],"collection":[{"href":"https:\/\/www.reissprofile.pl\/en\/wp-json\/wp\/v2\/product"}],"about":[{"href":"https:\/\/www.reissprofile.pl\/en\/wp-json\/wp\/v2\/types\/product"}],"wp:featuredmedia":[{"embeddable":true,"href":"https:\/\/www.reissprofile.pl\/en\/wp-json\/wp\/v2\/media\/7830"}],"wp:attachment":[{"href":"https:\/\/www.reissprofile.pl\/en\/wp-json\/wp\/v2\/media?parent=7829"}],"wp:term":[{"taxonomy":"product_brand","embeddable":true,"href":"https:\/\/www.reissprofile.pl\/en\/wp-json\/wp\/v2\/product_brand?post=7829"},{"taxonomy":"product_cat","embeddable":true,"href":"https:\/\/www.reissprofile.pl\/en\/wp-json\/wp\/v2\/product_cat?post=7829"},{"taxonomy":"product_tag","embeddable":true,"href":"https:\/\/www.reissprofile.pl\/en\/wp-json\/wp\/v2\/product_tag?post=7829"}],"curies":[{"name":"wp","href":"https:\/\/api.w.org\/{rel}","templated":true}]}}