{"id":7993,"date":"2023-10-19T10:50:11","date_gmt":"2023-10-19T08:50:11","guid":{"rendered":"https:\/\/www.reissprofile.pl\/produkt\/rmp-master-certification\/"},"modified":"2023-10-19T10:50:11","modified_gmt":"2023-10-19T08:50:11","slug":"rmp-master-certification","status":"publish","type":"product","link":"https:\/\/www.reissprofile.pl\/en\/produkt\/rmp-master-certification\/","title":{"rendered":"RMP Master Certification"},"content":{"rendered":"<p><b>Become RMP Master!<\/b><\/p>\n<p><span style=\"font-weight: 400;\">Work with clients with the only methodology that measures a person&#8217;s intrinsic motivation in a scientific way. Do\u0142\u0105cz do elitarnego grona RMP Master\u00f3w, kt\u00f3rzy jako jedyni mog\u0105 stosowa\u0107 Reiss Motivation Profile\u00ae, by pom\u00f3c klientom w odkryciu potencja\u0142u i realizacji nawet najbardziej ambitnych cel\u00f3w.  <\/span><\/p>\n<p><span style=\"font-weight: 400;\">Certification is completed through an exam on the fourth day (in the onsite programme version) or on the fifth day (in the online version). After passing the exam, you receive the named title of Reiss Profile\u00ae Master. It authorizes you to use the tool independently in your professional work. Po historiach naszych RMP Master\u00f3w widzimy, \u017ce ten certyfikat otwiera im nowe \u015bcie\u017cki kariery.   <\/span><!--more--><\/p>\n<p><span style=\"font-family: var(--global-body-font-family);\">The RMP Master certification course has been prepared by practitioners for practitioners: coaches, trainers, HR departments, psychologists, career advisors, and all professionals working in the personal development industry, as well as managers who aim to effectively manage people.<\/span><\/p>\n<p>The Reiss Motivation Profile\u00ae is a tool diagnosing 16 internal motivators developed by Prof. Steven Reiss. It has gained international recognition and has been translated into 23 languages to date. It precisely measures an individual&#8217;s internal motivation. Invaluable in business, sports, and personal life. For individuals, couples, and teams. It is probably the only internal motivation diagnosing test in the world that meets all the requirements set for professional psychometric tools and is based on an original scientific model. RMP is: reliable, accurate, objective, standardized, and normalized. The adaptation process of the tool in Poland has been carried out with full scientific rigor. In order to ensure measurement accuracy, RMP parameters are continuously verified. Reiss Motivation Profile\u00ae has Polish norms (last <a href=\"https:\/\/www.reissprofile.pl\/reiss-motivation-profile-otrzymuje-nowe-normy\/\">normalization in 2022<\/a>).     <\/p>\n<p>Since 2014, over 25,000 individuals in Poland have discovered their motivational profiles.<\/p>\n","protected":false},"excerpt":{"rendered":"<p><span style=\"font-weight: 400;\">The only certification course in Poland entitling to apply the Reiss Motivation Profile\u00ae methodology.<\/span><\/p>\n<p><span style=\"font-weight: 400;\">Based on reliable scientific knowledge, filled with practical, proprietary exercises, plenty of feedback, and positive energy \u2013 it will prepare you to work with individual and business clients.<\/span><\/p>\n<p><span style=\"font-weight: 400;\">You can find certification requirements, current dates, and more details on<\/span> <a style=\"font-family: var(--global-body-font-family);\" href=\"https:\/\/www.reissprofile.pl\/certyfikacja\/\">our website<\/a><span style=\"font-family: var(--global-body-font-family);\">.<\/span><\/p>\n","protected":false},"featured_media":5813,"template":"","meta":{"_kad_post_transparent":"","_kad_post_title":"","_kad_post_layout":"","_kad_post_sidebar_id":"","_kad_post_content_style":"","_kad_post_vertical_padding":"","_kad_post_feature":"","_kad_post_feature_position":"","_kad_post_header":false,"_kad_post_footer":false,"_kad_post_classname":""},"product_brand":[],"product_cat":[51],"product_tag":[],"class_list":{"0":"post-7993","1":"product","2":"type-product","3":"status-publish","4":"has-post-thumbnail","6":"product_cat-services","8":"first","9":"instock","10":"featured","11":"virtual","12":"taxable","13":"purchasable","14":"product-type-simple","15":"entry","16":"content-bg","17":"loop-entry"},"_links":{"self":[{"href":"https:\/\/www.reissprofile.pl\/en\/wp-json\/wp\/v2\/product\/7993","targetHints":{"allow":["GET"]}}],"collection":[{"href":"https:\/\/www.reissprofile.pl\/en\/wp-json\/wp\/v2\/product"}],"about":[{"href":"https:\/\/www.reissprofile.pl\/en\/wp-json\/wp\/v2\/types\/product"}],"wp:featuredmedia":[{"embeddable":true,"href":"https:\/\/www.reissprofile.pl\/en\/wp-json\/wp\/v2\/media\/5813"}],"wp:attachment":[{"href":"https:\/\/www.reissprofile.pl\/en\/wp-json\/wp\/v2\/media?parent=7993"}],"wp:term":[{"taxonomy":"product_brand","embeddable":true,"href":"https:\/\/www.reissprofile.pl\/en\/wp-json\/wp\/v2\/product_brand?post=7993"},{"taxonomy":"product_cat","embeddable":true,"href":"https:\/\/www.reissprofile.pl\/en\/wp-json\/wp\/v2\/product_cat?post=7993"},{"taxonomy":"product_tag","embeddable":true,"href":"https:\/\/www.reissprofile.pl\/en\/wp-json\/wp\/v2\/product_tag?post=7993"}],"curies":[{"name":"wp","href":"https:\/\/api.w.org\/{rel}","templated":true}]}}