{"id":9573,"date":"2025-03-12T18:08:57","date_gmt":"2025-03-12T17:08:57","guid":{"rendered":"https:\/\/www.reissprofile.pl\/?post_type=product&#038;p=9573"},"modified":"2025-04-10T15:43:24","modified_gmt":"2025-04-10T13:43:24","slug":"diagnoza-motywacji-zespolu","status":"publish","type":"product","link":"https:\/\/www.reissprofile.pl\/en\/produkt\/diagnoza-motywacji-zespolu\/","title":{"rendered":"Diagnoza motywacji zespo\u0142u"},"content":{"rendered":"<p>Co zawiera ten produkt?<\/p>\n<ol>\n<li><strong>Diagnoza motywacji zespo\u0142u (6-8 os\u00f3b)<\/strong>\n<ul>\n<li><strong>Badanie indywidualnych motywator\u00f3w<\/strong>: ka\u017cdy cz\u0142onek zespo\u0142u przechodzi przez profesjonalne narz\u0119dzie diagnozuj\u0105ce motywacj\u0119 wewn\u0119trzn\u0105 Reiss Motivation Profile\u00ae (RMP), kt\u00f3re identyfikuje kluczowe czynniki motywacyjne danej osoby (np. potrzeba spokoju, osi\u0105gni\u0119\u0107, uznania itp.).<\/li>\n<li><strong>Analiza motywacji grupowej<\/strong>: na podstawie wynik\u00f3w indywidualnych generowana jest <strong>matryca motywacyjna zespo\u0142u<\/strong>, kt\u00f3ra pokazuje r\u00f3\u017cnice i podobie\u0144stwa w wewn\u0119trznych potrzebach cz\u0142onk\u00f3w zespo\u0142u. To narz\u0119dzie daje mened\u017cerowi wgl\u0105d w to, jakie motywacje dominuj\u0105 w zespole.<\/li>\n<\/ul>\n<\/li>\n<li><strong>Sesja informacji zwrotnej dla mened\u017cera (1,5 h)<\/strong>\n<ul>\n<li><strong>Instrukcja obs\u0142ugi zespo\u0142u<\/strong>: Podczas sesji mened\u017cer otrzymuje <strong>spersonalizowane<\/strong> <strong>wskaz\u00f3wki<\/strong>, jak najlepiej zarz\u0105dza\u0107 swoim zespo\u0142em w oparciu o wyniki diagnozy. Dowiaduje si\u0119, jak motywowa\u0107 poszczeg\u00f3lnych pracownik\u00f3w, jak tworzy\u0107 sp\u00f3jne i motywuj\u0105ce \u015brodowisko pracy, uwzgl\u0119dniaj\u0105c indywidualne potrzeby ka\u017cdego cz\u0142onka zespo\u0142u.<\/li>\n<li><strong>Plany i strategie<\/strong>: Sesja obejmuje r\u00f3wnie\u017c om\u00f3wienie strategii dzia\u0142ania w kontek\u015bcie zr\u00f3\u017cnicowanych motywator\u00f3w w zespole. Na tej podstawie mened\u017cer mo\u017ce tworzy\u0107 skuteczniejsze <strong>plany rozwojowe i strategie zarz\u0105dzania<\/strong>, kt\u00f3re odpowiadaj\u0105 na potrzeby zar\u00f3wno jednostek, jak i ca\u0142ej grupy.<\/li>\n<li><strong>Rozw\u00f3j kompetencji managerskich<\/strong>: uczestnicz\u0105c w sesji feedbackowej, mened\u017cer zyskuje umiej\u0119tno\u015bci analizy i interpretacji wynik\u00f3w motywacyjnych, co pozwala na lepsze dopasowanie stylu zarz\u0105dzania do potrzeb zespo\u0142u.<\/li>\n<\/ul>\n<\/li>\n<li><strong>Instrukcja obs\u0142ugi zespo\u0142u<\/strong>\n<ul>\n<li><strong>Praktyczne narz\u0119dzie<\/strong>: mened\u017cer otrzymuje \u201einstrukcj\u0119 obs\u0142ugi\u201d swojego zespo\u0142u, czyli przewodnik, jak motywowa\u0107, wspiera\u0107 i rozwija\u0107 pracownik\u00f3w w oparciu o ich unikalne profile motywacyjne.<\/li>\n<li><strong>Personalizacja<\/strong>: instrukcja zawiera spersonalizowane porady, kt\u00f3re pomagaj\u0105 lepiej zrozumie\u0107, co nap\u0119dza ka\u017cdego cz\u0142onka zespo\u0142u do dzia\u0142ania, co go demotywuje, oraz jak budowa\u0107 relacje oparte na zaufaniu i efektywno\u015bci.<\/li>\n<\/ul>\n<\/li>\n<\/ol>\n<p><strong>Korzy\u015bci dla mened\u017cera<\/strong>:<\/p>\n<ul>\n<li>Lepsze zrozumienie motywacji i dynamiki zespo\u0142u.<\/li>\n<li>Narz\u0119dzia do indywidualnego podej\u015bcia do pracownik\u00f3w.<\/li>\n<li>Mo\u017cliwo\u015b\u0107 zwi\u0119kszenia efektywno\u015bci i zaanga\u017cowania zespo\u0142u.<\/li>\n<li>Skuteczniejsze zarz\u0105dzanie r\u00f3\u017cnorodno\u015bci\u0105 potrzeb w zespole.<\/li>\n<\/ul>\n<p>Ten produkt pomaga mened\u017cerom stworzy\u0107 bardziej zgrany i wydajny zesp\u00f3\u0142, oparty na dog\u0142\u0119bnym zrozumieniu motywacji, co przek\u0142ada si\u0119 na <strong>lepsze wyniki pracy<\/strong> i autentyczn\u0105 <strong>satysfakcj\u0119<\/strong> w zespole.<\/p>\n<p>Pytania, w\u0105tpliwo\u015bci? Tw\u00f3j zesp\u00f3\u0142 jest mniejszy? A mo\u017ce potrzebujesz innego rozwi\u0105zania? <strong><a href=\"https:\/\/www.reissprofile.pl\/kontakt\/\">Skontaktuj si\u0119 z nami!<\/a><\/strong><\/p>\n","protected":false},"excerpt":{"rendered":"<p><span style=\"font-weight: 400;\">Diagnoza motywacji zespo\u0142u i sesja informacji zwrotnej dla mened\u017cera<\/span><span style=\"font-weight: 400;\">\u00a0to <\/span><b>kompleksowy<\/b><span style=\"font-weight: 400;\"> produkt stworzony z my\u015bl\u0105 o mened\u017cerach, kt\u00f3rzy chc\u0105 lepiej zrozumie\u0107 motywacje swoich pracownik\u00f3w i skuteczniej zarz\u0105dza\u0107 zespo\u0142em.<\/span><\/p>\n","protected":false},"featured_media":9574,"template":"","meta":{"_kad_post_transparent":"default","_kad_post_title":"","_kad_post_layout":"default","_kad_post_sidebar_id":"","_kad_post_content_style":"default","_kad_post_vertical_padding":"default","_kad_post_feature":"","_kad_post_feature_position":"","_kad_post_header":false,"_kad_post_footer":false,"_kad_post_classname":""},"product_brand":[],"product_cat":[49],"product_tag":[],"class_list":{"0":"post-9573","1":"product","2":"type-product","3":"status-publish","4":"has-post-thumbnail","6":"product_cat-uslugi","8":"first","9":"instock","10":"featured","11":"virtual","12":"taxable","13":"purchasable","14":"product-type-simple","15":"entry","16":"content-bg","17":"loop-entry"},"_links":{"self":[{"href":"https:\/\/www.reissprofile.pl\/en\/wp-json\/wp\/v2\/product\/9573","targetHints":{"allow":["GET"]}}],"collection":[{"href":"https:\/\/www.reissprofile.pl\/en\/wp-json\/wp\/v2\/product"}],"about":[{"href":"https:\/\/www.reissprofile.pl\/en\/wp-json\/wp\/v2\/types\/product"}],"wp:featuredmedia":[{"embeddable":true,"href":"https:\/\/www.reissprofile.pl\/en\/wp-json\/wp\/v2\/media\/9574"}],"wp:attachment":[{"href":"https:\/\/www.reissprofile.pl\/en\/wp-json\/wp\/v2\/media?parent=9573"}],"wp:term":[{"taxonomy":"product_brand","embeddable":true,"href":"https:\/\/www.reissprofile.pl\/en\/wp-json\/wp\/v2\/product_brand?post=9573"},{"taxonomy":"product_cat","embeddable":true,"href":"https:\/\/www.reissprofile.pl\/en\/wp-json\/wp\/v2\/product_cat?post=9573"},{"taxonomy":"product_tag","embeddable":true,"href":"https:\/\/www.reissprofile.pl\/en\/wp-json\/wp\/v2\/product_tag?post=9573"}],"curies":[{"name":"wp","href":"https:\/\/api.w.org\/{rel}","templated":true}]}}